{"id":159,"date":"2015-09-16T05:08:35","date_gmt":"2015-09-16T05:08:35","guid":{"rendered":"http:\/\/demo.athemes.com\/west\/?page_id=2"},"modified":"2026-03-13T15:47:41","modified_gmt":"2026-03-13T13:47:41","slug":"sample-page-2","status":"publish","type":"page","link":"http:\/\/avmep.ch\/wordpress\/documentation\/sample-page-2\/","title":{"rendered":"documents didactiques"},"content":{"rendered":"<div id=\"dslc-theme-content\"><div id=\"dslc-theme-content-inner\"><ul class=\"niveau1\">\n<li>congr\u00e8s p\u00e9dagogique 2023 ASEP\n<ul class=\"niveau1\">\n<li><a href=\"http:\/\/avmep.ch\/wordpress\/wp-content\/uploads\/2023\/11\/FC-Blazepod-1.pdf\" target=\"_blank\" rel=\"noopener\">blazepod<\/a><\/li>\n<li><a href=\"http:\/\/avmep.ch\/wordpress\/wp-content\/uploads\/2023\/11\/FC-Course-orientation.pdf\" target=\"_blank\" rel=\"noopener\">course d'orientation<\/a><\/li>\n<li><a href=\"http:\/\/avmep.ch\/wordpress\/wp-content\/uploads\/2023\/11\/FC-jeux-de-renvoie.pdf\" target=\"_blank\" rel=\"noopener\">jeux de renvoi<\/a><\/li>\n<li><a href=\"http:\/\/avmep.ch\/wordpress\/wp-content\/uploads\/2023\/11\/FC-Lutte.pdf\" target=\"_blank\" rel=\"noopener\">lutte<\/a><\/li>\n<li><a href=\"http:\/\/avmep.ch\/wordpress\/wp-content\/uploads\/2023\/11\/FC-Ninja-Warrior.pdf\" target=\"_blank\" rel=\"noopener\">ninja warrior<\/a><\/li>\n<li><a href=\"http:\/\/avmep.ch\/wordpress\/wp-content\/uploads\/2023\/11\/FC-Ultimate-Frisbee.pdf\" target=\"_blank\" rel=\"noopener\">ultimate frisbee<\/a><\/li>\n<li><a href=\"http:\/\/avmep.ch\/wordpress\/wp-content\/uploads\/2023\/11\/FC-Unihockey.pdf\" target=\"_blank\" rel=\"noopener\">unihockey<\/a><\/li>\n<li><a href=\"http:\/\/avmep.ch\/wordpress\/wp-content\/uploads\/2023\/11\/FC-Volley-fr-1.pdf\" target=\"_blank\" rel=\"noopener\">volleyball<\/a><\/li>\n<\/ul>\n<\/li>\n<li>\u00a0acrogym\n<ul class=\"niveau2\">\n<li><a href=\"http:\/\/avmep.ch\/Sportunterricht\/pdf_pyr2.zip\" target=\"_blank\" rel=\"noopener noreferrer\">pyramides \u00e0 2<\/a><\/li>\n<li><a href=\"http:\/\/avmep.ch\/Sportunterricht\/pdf_pyr3.zip\" target=\"_blank\" rel=\"noopener noreferrer\">pyramides \u00e0 3<\/a><\/li>\n<li><a href=\"http:\/\/avmep.ch\/Sportunterricht\/pdf_pyr4-13.zip\" target=\"_blank\" rel=\"noopener noreferrer\">pyramides 4-13<\/a><\/li>\n<\/ul>\n<\/li>\n<li>agr\u00e8s\n<ul class=\"niveau2\">\n<li><a href=\"http:\/\/avmep.ch\/documents\/docs_agres\/methodo_salto_avant_groupe_planincline.pdf\" target=\"_blank\" rel=\"noopener noreferrer\">m\u00e9thodo salto avant<\/a><\/li>\n<li><a href=\"http:\/\/avmep.ch\/documents\/docs_agres\/methodo_saut_roule_planincline.pdf\" target=\"_blank\" rel=\"noopener noreferrer\">m\u00e9thodo saut roul\u00e9<\/a><\/li>\n<li><a href=\"http:\/\/avmep.ch\/Sportunterricht\/agres1.pdf\" target=\"_blank\" rel=\"noopener noreferrer\">appui tendu renvers\u00e9 (gainage)<\/a><\/li>\n<li><a href=\"http:\/\/avmep.ch\/Sportunterricht\/agres2.pdf\" target=\"_blank\" rel=\"noopener noreferrer\">appui tendu renvers\u00e9 sur barres<\/a><\/li>\n<li><a href=\"http:\/\/avmep.ch\/Sportunterricht\/agres3.pdf\" target=\"_blank\" rel=\"noopener noreferrer\">installation salto avant mini-tramp<\/a><\/li>\n<li><a href=\"http:\/\/avmep.ch\/Sportunterricht\/agres4.pdf\" target=\"_blank\" rel=\"noopener noreferrer\">installation parcours rotation avant<\/a><\/li>\n<li><a href=\"http:\/\/avmep.ch\/Sportunterricht\/agres5.pdf\" target=\"_blank\" rel=\"noopener noreferrer\">rotation avant sur mouton 1<\/a><\/li>\n<li><a href=\"http:\/\/avmep.ch\/Sportunterricht\/agres5.pdf\" target=\"_blank\" rel=\"noopener noreferrer\">rotation avant sur mouton\u00a02<\/a><\/li>\n<li><a href=\"http:\/\/avmep.ch\/Sportunterricht\/agres7.pdf\" target=\"_blank\" rel=\"noopener noreferrer\">roulade avant sur mouton<\/a><\/li>\n<li><a href=\"http:\/\/avmep.ch\/Sportunterricht\/agres8.pdf\" target=\"_blank\" rel=\"noopener noreferrer\">salto avant avec 2 aides 1<\/a><\/li>\n<li><a href=\"http:\/\/avmep.ch\/Sportunterricht\/agres8.pdf\" target=\"_blank\" rel=\"noopener noreferrer\">salto avant avec 2 aides 2<\/a><\/li>\n<li><a href=\"http:\/\/avmep.ch\/Sportunterricht\/agres10.pdf\" target=\"_blank\" rel=\"noopener noreferrer\">document 10<\/a><\/li>\n<li><a href=\"http:\/\/avmep.ch\/Sportunterricht\/agres11.pdf\" target=\"_blank\" rel=\"noopener noreferrer\">salto arri\u00e8re anneaux<\/a><\/li>\n<li><a href=\"http:\/\/avmep.ch\/documents\/cp12_abdo_dorsaux.doc\" target=\"_blank\" rel=\"noopener noreferrer\">cp 12 abdos-dorsaux<\/a><\/li>\n<li><a href=\"http:\/\/avmep.ch\/documents\/cp12_abdo_dorsaux2.doc\" target=\"_blank\" rel=\"noopener noreferrer\">cp 12 abdos-dorsaux<\/a><\/li>\n<li><a href=\"http:\/\/avmep.ch\/documents\/cp12_fessier_pectoraux.doc\" target=\"_blank\" rel=\"noopener noreferrer\">cp 12 pectoraux<\/a><\/li>\n<li><a href=\"http:\/\/avmep.ch\/documents\/cp12_tests.doc\" target=\"_blank\" rel=\"noopener noreferrer\">cp 12 tests<\/a><\/li>\n<\/ul>\n<\/li>\n<li>athl\u00e9tisme\n<ul class=\"niveau2\">\n<li><a href=\"http:\/\/avmep.ch\/Sportunterricht\/pedagogie.pdf\" target=\"_blank\" rel=\"noopener noreferrer\">p\u00e9dagogie<\/a><\/li>\n<li><a href=\"http:\/\/avmep.ch\/Sportunterricht\/force.pdf\" target=\"_blank\" rel=\"noopener noreferrer\">force<\/a><\/li>\n<li><a href=\"http:\/\/avmep.ch\/Sportunterricht\/vitesse.pdf\" target=\"_blank\" rel=\"noopener noreferrer\">vitesse<\/a><\/li>\n<li><a href=\"http:\/\/avmep.ch\/Sportunterricht\/evolution.pdf\" target=\"_blank\" rel=\"noopener noreferrer\">talents<\/a><\/li>\n<li>sauts\n<ul class=\"niveau3\">\n<li><a href=\"http:\/\/avmep.ch\/Sportunterricht\/aspects%20theoriques.pdf\" target=\"_blank\" rel=\"noopener noreferrer\">th\u00e9orie<\/a><\/li>\n<li><a href=\"http:\/\/avmep.ch\/Sportunterricht\/formesjeuxsauts.pdf\" target=\"_blank\" rel=\"noopener noreferrer\">jeux<\/a><\/li>\n<li><a href=\"http:\/\/avmep.ch\/Sportunterricht\/parcours.pdf\" target=\"_blank\" rel=\"noopener noreferrer\">parcours<\/a><\/li>\n<li><a href=\"http:\/\/avmep.ch\/Sportunterricht\/hauteur.pdf\" target=\"_blank\" rel=\"noopener noreferrer\">hauteur<\/a><\/li>\n<li><a href=\"http:\/\/avmep.ch\/Sportunterricht\/longueur.pdf\" target=\"_blank\" rel=\"noopener noreferrer\">longueur<\/a><\/li>\n<li><a href=\"http:\/\/avmep.ch\/Sportunterricht\/Presentation%20technique.ppt\" target=\"_blank\" rel=\"noopener noreferrer\">perche 1<\/a><\/li>\n<li><a href=\"http:\/\/avmep.ch\/Sportunterricht\/Travail%20en%20circuit.pdf\" target=\"_blank\" rel=\"noopener noreferrer\">perche 2<\/a><\/li>\n<li><a href=\"http:\/\/avmep.ch\/Sportunterricht\/Recueil%20d'exercices.pdf\" target=\"_blank\" rel=\"noopener noreferrer\">perche 3<\/a><\/li>\n<\/ul>\n<\/li>\n<li><a href=\"http:\/\/avmep.ch\/Sportunterricht\/lancers.pdf\" target=\"_blank\" rel=\"noopener noreferrer\">lancers<\/a><\/li>\n<li><a href=\"http:\/\/avmep.ch\/Sportunterricht\/technique%20javelot.pdf\" target=\"_blank\" rel=\"noopener noreferrer\">javelot<\/a><\/li>\n<li><a href=\"http:\/\/avmep.ch\/documents\/2017\/lecon_poids.pdf\" target=\"_blank\" rel=\"noopener noreferrer\">poids 2017<\/a><\/li>\n<li><a href=\"http:\/\/avmep.ch\/documents\/2017\/lecon_javelot.pdf\" target=\"_blank\" rel=\"noopener noreferrer\">javelot 2017<\/a><\/li>\n<li><a href=\"http:\/\/avmep.ch\/documents\/2017\/lecon_disque.pdf\" target=\"_blank\" rel=\"noopener noreferrer\">disque 2017<\/a><\/li>\n<li><a href=\"http:\/\/avmep.ch\/Sportunterricht\/planification_fond.pdf\" target=\"_blank\" rel=\"noopener noreferrer\">demi-fond<\/a><\/li>\n<li><a href=\"http:\/\/avmep.ch\/Sportunterricht\/tabelle_force.xls\" target=\"_blank\" rel=\"noopener noreferrer\">tabelle force<\/a><\/li>\n<li><a href=\"http:\/\/avmep.ch\/documents\/2018\/endurance_ludique_theorie.pdf\" target=\"_blank\" rel=\"noopener noreferrer\">endurance ludique th\u00e9orie<\/a><\/li>\n<li><a href=\"http:\/\/avmep.ch\/documents\/2018\/endurance_ludique_ex.pdf\" target=\"_blank\" rel=\"noopener noreferrer\">endurance ludique exercices<\/a><\/li>\n<\/ul>\n<\/li>\n<li>badminton\n<ul class=\"niveau2\">\n<li><a href=\"http:\/\/avmep.ch\/wordpress\/wp-content\/uploads\/2022\/03\/FC-Badminton2022.pdf\" target=\"_blank\" rel=\"noopener\">formation continue 2022<\/a><\/li>\n<li><a href=\"http:\/\/avmep.ch\/Sportunterricht\/CahierpratiqueBadmintonMobile.pdf\" target=\"_blank\" rel=\"noopener noreferrer\">mobile<\/a><\/li>\n<li><a href=\"http:\/\/avmep.ch\/Sportunterricht\/Exemplesdejeuxenimages.pdf\" target=\"_blank\" rel=\"noopener noreferrer\">jeux<\/a><\/li>\n<li><a href=\"http:\/\/avmep.ch\/Sportunterricht\/Reglesdubadmintonresume.pdf\" target=\"_blank\" rel=\"noopener noreferrer\">r\u00e8gles compl\u00e8tes<\/a><\/li>\n<li><a href=\"http:\/\/avmep.ch\/Sportunterricht\/Reglesdubadmintonresume.pdf\" target=\"_blank\" rel=\"noopener noreferrer\">r\u00e8gles r\u00e9sum\u00e9es<\/a><\/li>\n<li><a href=\"http:\/\/avmep.ch\/Sportunterricht\/Theorieexercices.pdf\" target=\"_blank\" rel=\"noopener noreferrer\">exercices<\/a><\/li>\n<li><a href=\"http:\/\/avmep.ch\/Sportunterricht\/Evaluationdanslejeu(college).pdf\" target=\"_blank\" rel=\"noopener noreferrer\">\u00e9valuations<\/a><\/li>\n<li><a href=\"http:\/\/avmep.ch\/Sportunterricht\/Exempleevaluationaubadminton.pdf\" target=\"_blank\" rel=\"noopener noreferrer\">\u00e9valuations 2<\/a><\/li>\n<li><a href=\"http:\/\/avmep.ch\/Sportunterricht\/Fichedevaluation.pdf\" target=\"_blank\" rel=\"noopener noreferrer\">fiche \u00e9valuation<\/a><\/li>\n<\/ul>\n<\/li>\n<li>basketball\n<ul class=\"niveau2\">\n<li><a href=\"http:\/\/avmep.ch\/Sportunterricht\/basket1.pdf\" target=\"_blank\" rel=\"noopener noreferrer\">4 stations<\/a><\/li>\n<li><a href=\"http:\/\/avmep.ch\/Sportunterricht\/Basket%20cp07.pdf\" target=\"_blank\" rel=\"noopener noreferrer\">doc CP 07<\/a><\/li>\n<li><a href=\"http:\/\/avmep.ch\/wordpress\/wp-content\/uploads\/2023\/01\/FC-basket.pdf\" target=\"_blank\" rel=\"noopener\">doc FC 2022<\/a><\/li>\n<li><a href=\"http:\/\/avmep.ch\/wordpress\/wp-content\/uploads\/2023\/01\/FC-basket-Primaire.pdf\" target=\"_blank\" rel=\"noopener\">doc FC Primaire 2022<\/a><\/li>\n<\/ul>\n<\/li>\n<li>boxe\n<ul class=\"niveau2\">\n<li><a href=\"http:\/\/avmep.ch\/Sportunterricht\/boxe%20educative.pdf\" target=\"_blank\" rel=\"noopener noreferrer\">document 1<\/a><\/li>\n<li><a href=\"http:\/\/avmep.ch\/Sportunterricht\/boxe.pdf\" target=\"_blank\" rel=\"noopener noreferrer\">document 2<\/a><\/li>\n<\/ul>\n<\/li>\n<li>condition physique\n<ul class=\"niveau2\">\n<li><a href=\"http:\/\/avmep.ch\/Sportunterricht\/Condition%201.pdf\" target=\"_blank\" rel=\"noopener noreferrer\">parcours 1<\/a><\/li>\n<li><a href=\"http:\/\/avmep.ch\/Sportunterricht\/Condition2.pdf\" target=\"_blank\" rel=\"noopener noreferrer\">parcours 2<\/a><\/li>\n<li><a href=\"http:\/\/avmep.ch\/Sportunterricht\/circuit-condition-physique.pdf\" target=\"_blank\" rel=\"noopener noreferrer\">parcours 3<\/a><\/li>\n<li><a href=\"http:\/\/avmep.ch\/Sportunterricht\/renforcement.pdf\" target=\"_blank\" rel=\"noopener noreferrer\">reforcement<\/a><\/li>\n<li><a href=\"http:\/\/avmep.ch\/Sportunterricht\/Iso%20gainage.pdf\" target=\"_blank\" rel=\"noopener noreferrer\">gainage<\/a><\/li>\n<li><a title=\"avmep &amp; jp egger | vid\u00e9os\" href=\"http:\/\/avmep.ch\/wordpress\/?page_id=273\">avmep &amp; jp egger<\/a><\/li>\n<\/ul>\n<\/li>\n<li>coordination\n<ul class=\"niveau2\">\n<li><a title=\"avmep &amp; jp egger | vid\u00e9os\" href=\"http:\/\/avmep.ch\/Sportunterricht\/coursfceequilibremartigny.pdf\" target=\"_blank\" rel=\"noopener noreferrer\">\u00e9quilibre (HEP)<\/a><\/li>\n<li><a title=\"avmep &amp; jp egger | vid\u00e9os\" href=\"http:\/\/avmep.ch\/Sportunterricht\/coursfcebalancermartigny.pdf\" target=\"_blank\" rel=\"noopener noreferrer\">se balancer (HEP)<\/a><\/li>\n<li><a title=\"avmep &amp; jp egger | vid\u00e9os\" href=\"http:\/\/avmep.ch\/Sportunterricht\/coordination.pdf\" target=\"_blank\" rel=\"noopener noreferrer\">postes<\/a><\/li>\n<li><a title=\"avmep &amp; jp egger | vid\u00e9os\" href=\"http:\/\/avmep.ch\/Sportunterricht\/coordination2.pdf\" target=\"_blank\" rel=\"noopener noreferrer\">o.r.d.r.e<\/a><\/li>\n<\/ul>\n<\/li>\n<li>course d\u2019orientation\n<ul class=\"niveau2\">\n<li><a href=\"http:\/\/avmep.ch\/documents\/2016\/co_dorigny_16\/CO_bases.pdf\" target=\"_blank\" rel=\"noopener noreferrer\">bases<\/a><\/li>\n<li><a href=\"http:\/\/avmep.ch\/documents\/2016\/co_dorigny_16\/CO_debut.pdf\" target=\"_blank\" rel=\"noopener noreferrer\">d\u00e9but<\/a><\/li>\n<li><a href=\"http:\/\/avmep.ch\/documents\/2016\/co_dorigny_16\/CO_formes.pdf\" target=\"_blank\" rel=\"noopener noreferrer\">formes<\/a><\/li>\n<li><a href=\"http:\/\/avmep.ch\/documents\/2016\/co_dorigny_16\/CO_prep.pdf\" target=\"_blank\" rel=\"noopener noreferrer\">pr\u00e9paration<\/a><\/li>\n<\/ul>\n<p>d\u00e9pense \u00e9nerg\u00e9tique<\/p>\n<ul class=\"niveau2\">\n<li><a href=\"http:\/\/avmep.ch\/documents\/filieres_energetiques_suva.pdf\" target=\"_blank\" rel=\"noopener noreferrer\">suva document<\/a><\/li>\n<\/ul>\n<\/li>\n<li>\u00e9chauffements\n<ul>\n<li><a href=\"http:\/\/avmep.ch\/documents\/mt15\/mt_cycle_1.pdf\" target=\"_blank\" rel=\"noopener noreferrer\">MT cycle 1<\/a><\/li>\n<li><a href=\"http:\/\/avmep.ch\/documents\/mt15\/mt_cycle_2.pdf\" target=\"_blank\" rel=\"noopener noreferrer\">MT cycle 2<\/a><\/li>\n<li><a href=\"http:\/\/avmep.ch\/documents\/mt15\/mt_cycle_3.pdf\" target=\"_blank\" rel=\"noopener noreferrer\">MT cycle 3<\/a><\/li>\n<li><a href=\"http:\/\/avmep.ch\/documents\/mt15\/mt_sec_2.pdf\" target=\"_blank\" rel=\"noopener noreferrer\">MT secondaire II<\/a><\/li>\n<\/ul>\n<\/li>\n<li>\u00a0escalade\n<ul class=\"niveau2\">\n<li><a href=\"http:\/\/avmep.ch\/Sportunterricht\/GrimperEcole.pdf\" target=\"_blank\" rel=\"noopener noreferrer\">document<\/a><\/li>\n<li><a href=\"http:\/\/avmep.ch\/documents\/securite_escalade.pdf\" target=\"_blank\" rel=\"noopener noreferrer\">s\u00e9curit\u00e9 FC 13<\/a><\/li>\n<li><a href=\"http:\/\/avmep.ch\/documents\/grimperensecuritesac_bfu.pdf\" target=\"_blank\" rel=\"noopener noreferrer\">s\u00e9curit\u00e9 cas<\/a><\/li>\n<li><a href=\"http:\/\/avmep.ch\/documents\/2017\/escalade_ex.pdf\" target=\"_blank\" rel=\"noopener noreferrer\">recueil d\u2019exercices<\/a><\/li>\n<li><a href=\"http:\/\/avmep.ch\/documents\/2017\/brochure_securite.pdf\" target=\"_blank\" rel=\"noopener noreferrer\">brochure \u201cgrimper en s\u00e9curit\u00e9\u201d<\/a><\/li>\n<\/ul>\n<\/li>\n<li>foobaskill\n<ul class=\"niveau1\">\n<li><a href=\"http:\/\/www.avmep.ch\/documents\/2019\/fc_foobaskill_19.pdf\">document didactique<\/a><\/li>\n<\/ul>\n<\/li>\n<li>futsal\n<ul class=\"niveau2\">\n<li><a href=\"http:\/\/avmep.ch\/documents\/futsal_sion12.zip\" target=\"_blank\" rel=\"noopener noreferrer\">cp 12<\/a><\/li>\n<li><a href=\"http:\/\/avmep.ch\/wordpress\/wp-content\/uploads\/2024\/12\/FC-Futsal.pdf\">FC 24<\/a><\/li>\n<\/ul>\n<\/li>\n<li>hip hop\n<ul class=\"niveau2\">\n<li><a href=\"http:\/\/avmep.ch\/Sportunterricht\/Hip%20Hop.pdf\" target=\"_blank\" rel=\"noopener noreferrer\">cp 07<\/a><\/li>\n<\/ul>\n<\/li>\n<li>jeux\n<ul class=\"niveau2\">\n<li><a href=\"http:\/\/avmep.ch\/Sportunterricht\/balle%20assise.pdf\" target=\"_blank\" rel=\"noopener noreferrer\">balle assise (variantes)<\/a><\/li>\n<li><a href=\"http:\/\/avmep.ch\/Sportunterricht\/spielplaene.pdf\" target=\"_blank\" rel=\"noopener noreferrer\">plans de tournoi (allemand)<\/a><\/li>\n<li><a href=\"http:\/\/http\/\/avmep.ch\/documents\/jeux_avmep_2017.pdf\" target=\"_blank\" rel=\"noopener noreferrer\">petits jeux (FC 2017)<\/a><\/li>\n<\/ul>\n<\/li>\n<li>kin ball\n<ul class=\"niveau2\">\n<li><a href=\"http:\/\/avmep.ch\/Sportunterricht\/Kinball.pdf\" target=\"_blank\" rel=\"noopener noreferrer\">dossier 1<\/a><\/li>\n<li><a href=\"http:\/\/avmep.ch\/Sportunterricht\/Kinball2.pdf\" target=\"_blank\" rel=\"noopener noreferrer\">dossier 2<\/a><\/li>\n<li><a href=\"http:\/\/avmep.ch\/wordpress\/wp-content\/uploads\/2023\/12\/FC-Kinball-Avmep.pdf\" target=\"_blank\" rel=\"noopener\">FC Kin-Ball 2023 AVMEP<\/a><\/li>\n<\/ul>\n<\/li>\n<li>MITIC\n<ul>\n<li><a href=\"http:\/\/avmep.ch\/documents\/applications_tablette_avmep.pdf\" target=\"_blank\" rel=\"noopener noreferrer\">applications pour tablettes<\/a><\/li>\n<li><a href=\"http:\/\/avmep.ch\/documents\/tuto_imouv_hep.pdf\" target=\"_blank\" rel=\"noopener noreferrer\">photos et vid\u00e9os iMouv (HEPVS)<\/a><\/li>\n<\/ul>\n<\/li>\n<li>natation\n<ul class=\"niveau2\">\n<li><a href=\"http:\/\/avmep.ch\/Sportunterricht\/exercices%20natation.doc\" target=\"_blank\" rel=\"noopener noreferrer\">exercice 1<\/a><\/li>\n<li><a href=\"http:\/\/avmep.ch\/Sportunterricht\/exercice%20natation%202.doc\" target=\"_blank\" rel=\"noopener noreferrer\">exercice 2<\/a><\/li>\n<li><a href=\"http:\/\/avmep.ch\/Sportunterricht\/Natation%20postes.pdf\" target=\"_blank\" rel=\"noopener noreferrer\">postes<\/a><\/li>\n<li><a href=\"http:\/\/avmep.ch\/Sportunterricht\/recyclage%20et%20CPR.pdf\" target=\"_blank\" rel=\"noopener noreferrer\">sauvetage cp 07<\/a><\/li>\n<li><a href=\"http:\/\/avmep.ch\/documents\/CP_Natation.pdf\" target=\"_blank\" rel=\"noopener noreferrer\">cp 11<\/a><\/li>\n<li><a href=\"http:\/\/avmep.ch\/documents\/cp11_criteres_nages.pdf\" target=\"_blank\" rel=\"noopener noreferrer\">cp 11 crit\u00e8res 1<\/a><\/li>\n<li><a href=\"http:\/\/avmep.ch\/documents\/cp11_criteres_techniques.pdf\" target=\"_blank\" rel=\"noopener noreferrer\">cp 11 crit\u00e8res 2<\/a><\/li>\n<li><a href=\"http:\/\/avmep.ch\/documents\/cp11_tete_sous_eau.pdf\" target=\"_blank\" rel=\"noopener noreferrer\">cp 11 t\u00eate sous l\u2019eau<\/a><\/li>\n<\/ul>\n<\/li>\n<li>nutrition\n<ul class=\"niveau1\">\n<li><a href=\"http:\/\/avmep.ch\/wordpress\/wp-content\/uploads\/2020\/11\/Regimes-hyper-proteines.pdf\">r\u00e9gimes hyperprot\u00e9in\u00e9s<\/a><\/li>\n<li><a href=\"http:\/\/avmep.ch\/wordpress\/wp-content\/uploads\/2020\/11\/Boissons-energisantes.pdf\">boissons \u00e9nergisantes<\/a><\/li>\n<li><a href=\"http:\/\/avmep.ch\/wordpress\/wp-content\/uploads\/2020\/11\/Le-sucre-ten-es-accro.pdf\">le sucre, t'en es accro<\/a><\/li>\n<li><a href=\"http:\/\/avmep.ch\/wordpress\/wp-content\/uploads\/2020\/11\/Pedale-douce-sur-le-saccharose.pdf\">p\u00e9dale douce sur le saccharose<\/a><\/li>\n<\/ul>\n<\/li>\n<li>patinage &amp; hockey\n<ul class=\"niveau1\">\n<li><a href=\"http:\/\/avmep.ch\/documents\/patinage_hockey_nanchen.pdf\" target=\"_blank\" rel=\"noopener noreferrer\">document<\/a><\/li>\n<\/ul>\n<\/li>\n<li>rope skipping\n<ul class=\"niveau2\">\n<li><a href=\"http:\/\/avmep.ch\/Sportunterricht\/roppe%20skipping.pdf\" target=\"_blank\" rel=\"noopener noreferrer\">postes<\/a><\/li>\n<\/ul>\n<\/li>\n<li>rugby\n<ul class=\"niveau2\">\n<li><a href=\"http:\/\/avmep.ch\/Sportunterricht\/rugby.pdf\" target=\"_blank\" rel=\"noopener noreferrer\">dossier \u00e9cole (f\u00e9d. france)<\/a><\/li>\n<li><a href=\"http:\/\/avmep.ch\/wordpress\/wp-content\/uploads\/2026\/03\/Rugbyscool_f-copie.pdf\">Rugbyscool_f<\/a><\/li>\n<li><a href=\"http:\/\/avmep.ch\/wordpress\/wp-content\/uploads\/2026\/03\/Formation-continue-rugby-AVMEP-2026.pdf\">Formation continue 2026 AVMEP<\/a><\/li>\n<li><a href=\"http:\/\/avmep.ch\/wordpress\/wp-content\/uploads\/2026\/03\/Les-valeurs-du-rugby.pdf\">Les valeurs du rugby<\/a><\/li>\n<li><a href=\"http:\/\/avmep.ch\/wordpress\/wp-content\/uploads\/2026\/03\/Plan-sequences-rugby.pdf\">Plan s\u00e9quences rugby<\/a><\/li>\n<li><a href=\"http:\/\/avmep.ch\/wordpress\/wp-content\/uploads\/2026\/03\/Regles-principales-au-rugby.pdf\">R\u00e8gles principales au rugby<\/a><\/li>\n<\/ul>\n<\/li>\n<li>ski &amp; snowboard\n<ul class=\"niveau2\">\n<li><a href=\"http:\/\/avmep.ch\/Sportunterricht\/livretmoniteurfis.doc\" target=\"_blank\" rel=\"noopener noreferrer\">sortie ski (doc important)<\/a><\/li>\n<li><a href=\"http:\/\/avmep.ch\/Sportunterricht\/securitecp08.pdf\" target=\"_blank\" rel=\"noopener noreferrer\">ski cp 08<\/a><\/li>\n<\/ul>\n<\/li>\n<li>smolball\n<ul class=\"niveau2\">\n<li><a href=\"http:\/\/avmep.ch\/documents\/smolball_cp.pdf\" target=\"_blank\" rel=\"noopener noreferrer\">document<\/a><\/li>\n<li><a href=\"http:\/\/avmep.ch\/documents\/smolball_mobile.pdf\" target=\"_blank\" rel=\"noopener noreferrer\">revue mobile<\/a><\/li>\n<\/ul>\n<\/li>\n<li>street racket<\/li>\n<\/ul>\n<ul>\n<li style=\"list-style-type: none;\">\n<ul>\n<li><a href=\"http:\/\/avmep.ch\/wordpress\/wp-content\/uploads\/2026\/02\/Street-Racket_partie_1.pdf\">street racket partie 1<\/a><\/li>\n<li><a href=\"http:\/\/avmep.ch\/wordpress\/wp-content\/uploads\/2026\/02\/Street-Racket_partie_2.pdf\">street racket partie 2<\/a><\/li>\n<li><a href=\"http:\/\/avmep.ch\/wordpress\/wp-content\/uploads\/2026\/02\/Street-Racket_partie_3.pdf\">street racket partie 3<\/a><\/li>\n<li><a href=\"http:\/\/avmep.ch\/wordpress\/wp-content\/uploads\/2026\/02\/Street-Racket_partie_4.pdf\">street racket partie 4<\/a><\/li>\n<li><a href=\"http:\/\/avmep.ch\/wordpress\/wp-content\/uploads\/2026\/02\/Street-Racket_partie_5.pdf\">street racket partie 5<\/a><\/li>\n<li><a href=\"http:\/\/avmep.ch\/wordpress\/wp-content\/uploads\/2026\/02\/Street-Racket_partie_6.pdf\">street racket partie 6<\/a><\/li>\n<\/ul>\n<\/li>\n<\/ul>\n<ul class=\"niveau1\">\n<li>tennis\n<ul class=\"niveau2\">\n<li><a href=\"http:\/\/avmep.ch\/documents\/tennis%20avmep.pdf\" target=\"_blank\" rel=\"noopener noreferrer\">document<\/a><\/li>\n<\/ul>\n<\/li>\n<li>ultimate frisbee\n<ul class=\"niveau2\">\n<li><a href=\"http:\/\/avmep.ch\/Sportunterricht\/Ultimate1.pdf\" target=\"_blank\" rel=\"noopener noreferrer\">teil 1<\/a><\/li>\n<li><a href=\"http:\/\/avmep.ch\/Sportunterricht\/Ultimate%202.pdf\" target=\"_blank\" rel=\"noopener noreferrer\">teil 2<\/a><\/li>\n<\/ul>\n<\/li>\n<li>unihockey\n<ul>\n<li><a href=\"http:\/\/avmep.ch\/documents\/2017\/fce_uh17.pdf\" target=\"_blank\" rel=\"noopener noreferrer\">fce 2017<\/a><\/li>\n<\/ul>\n<\/li>\n<li>volleyball\n<ul class=\"niveau2\">\n<li><a href=\"http:\/\/avmep.ch\/documents\/fc2015\/fc_volley_carrel_15.pdf\" target=\"_blank\" rel=\"noopener noreferrer\">cours Carrel<\/a><\/li>\n<li><a href=\"http:\/\/avmep.ch\/documents\/fc2015\/methodo_volley_carrel_15.pdf\" target=\"_blank\" rel=\"noopener noreferrer\">m\u00e9thodologie Carrel<\/a><\/li>\n<\/ul>\n<\/li>\n<\/ul>\n<\/div><\/div>","protected":false},"excerpt":{"rendered":"<p>congr\u00e8s p\u00e9dagogique 2023 ASEP blazepod course d'orientation jeux de renvoi lutte ninja warrior ultimate frisbee unihockey volleyball \u00a0acrogym pyramides \u00e0 2 pyramides \u00e0 3 pyramides 4-13 agr\u00e8s m\u00e9thodo salto avant [&hellip;]<\/p>\n","protected":false},"author":1,"featured_media":0,"parent":246,"menu_order":0,"comment_status":"closed","ping_status":"closed","template":"page-templates\/page_fullwidth.php","meta":{"footnotes":""},"class_list":["post-159","page","type-page","status-publish","hentry","clearfix"],"_links":{"self":[{"href":"http:\/\/avmep.ch\/wordpress\/wp-json\/wp\/v2\/pages\/159","targetHints":{"allow":["GET"]}}],"collection":[{"href":"http:\/\/avmep.ch\/wordpress\/wp-json\/wp\/v2\/pages"}],"about":[{"href":"http:\/\/avmep.ch\/wordpress\/wp-json\/wp\/v2\/types\/page"}],"author":[{"embeddable":true,"href":"http:\/\/avmep.ch\/wordpress\/wp-json\/wp\/v2\/users\/1"}],"replies":[{"embeddable":true,"href":"http:\/\/avmep.ch\/wordpress\/wp-json\/wp\/v2\/comments?post=159"}],"version-history":[{"count":27,"href":"http:\/\/avmep.ch\/wordpress\/wp-json\/wp\/v2\/pages\/159\/revisions"}],"predecessor-version":[{"id":7463,"href":"http:\/\/avmep.ch\/wordpress\/wp-json\/wp\/v2\/pages\/159\/revisions\/7463"}],"up":[{"embeddable":true,"href":"http:\/\/avmep.ch\/wordpress\/wp-json\/wp\/v2\/pages\/246"}],"wp:attachment":[{"href":"http:\/\/avmep.ch\/wordpress\/wp-json\/wp\/v2\/media?parent=159"}],"curies":[{"name":"wp","href":"https:\/\/api.w.org\/{rel}","templated":true}]}}