{"id":248,"date":"2017-11-18T18:53:22","date_gmt":"2017-11-18T18:53:22","guid":{"rendered":"http:\/\/avmep.ch\/wordpress\/?page_id=248"},"modified":"2019-11-11T15:41:27","modified_gmt":"2019-11-11T15:41:27","slug":"sites-didactiques","status":"publish","type":"page","link":"http:\/\/avmep.ch\/wordpress\/documentation\/sites-didactiques\/","title":{"rendered":"sites didactiques"},"content":{"rendered":"<div id=\"dslc-theme-content\"><div id=\"dslc-theme-content-inner\"><ul>\n<li><a href=\"http:\/\/www.activdispens.ch\/\" target=\"_blank\" rel=\"noopener noreferrer\">activdispens<\/a> (exercices pour dispens\u00e9s)<\/li>\n<li><a href=\"http:\/\/www.qeps.ch\/\" target=\"_blank\" rel=\"noopener noreferrer\">qeps<\/a><\/li>\n<li><a href=\"http:\/\/christophetacchini.com\/\" target=\"_blank\" rel=\"noopener noreferrer\">parkour | coordination<\/a><\/li>\n<li><a href=\"http:\/\/www.fsg-veveyancienne.ch\/\" target=\"_blank\" rel=\"noopener noreferrer\">fsg veveyancienne<\/a><\/li>\n<li><a href=\"http:\/\/www.schooltrip.ch\/index.php?article_id=59&amp;clang=1\" target=\"_blank\" rel=\"noopener noreferrer\">courses d\u2019\u00e9cole<\/a><\/li>\n<li><a href=\"http:\/\/www.schweizmobil.ch\/fr\/welcome.cfm\" target=\"_blank\" rel=\"noopener noreferrer\">itin\u00e9raires \u00e0 pied, vtt, roller<\/a><\/li>\n<li><a href=\"http:\/\/www.ppur.info\/enseigner-le-sport.html\" target=\"_blank\" rel=\"noopener noreferrer\">une approche nouvelle de la p\u00e9dagogie sportive par P. Pfefferl\u00e9 et I. Liardet<\/a><\/li>\n<li><a href=\"http:\/\/www.tablettesetsurvetements.fr\/\">www.tablettesetsurvetements.fr<\/a><\/li>\n<li><a href=\"http:\/\/www.bfu.ch\/fr\/pour-les-sp%C3%A9cialistes\/ecoles\/s%C3%A9curit%C3%A9-%C3%A9cole\/\">campagne de s\u00e9curit\u00e9 \u00e0 l\u2019\u00e9cole BPA<\/a><\/li>\n<\/ul>\n<\/div><\/div>","protected":false},"excerpt":{"rendered":"<p>activdispens (exercices pour dispens\u00e9s) qeps parkour | coordination fsg veveyancienne courses d\u2019\u00e9cole itin\u00e9raires \u00e0 pied, vtt, roller une approche nouvelle de la p\u00e9dagogie sportive par P. Pfefferl\u00e9 et I. Liardet [&hellip;]<\/p>\n","protected":false},"author":1,"featured_media":0,"parent":246,"menu_order":0,"comment_status":"closed","ping_status":"closed","template":"page-templates\/page_fullwidth.php","meta":{"footnotes":""},"class_list":["post-248","page","type-page","status-publish","hentry","clearfix"],"_links":{"self":[{"href":"http:\/\/avmep.ch\/wordpress\/wp-json\/wp\/v2\/pages\/248","targetHints":{"allow":["GET"]}}],"collection":[{"href":"http:\/\/avmep.ch\/wordpress\/wp-json\/wp\/v2\/pages"}],"about":[{"href":"http:\/\/avmep.ch\/wordpress\/wp-json\/wp\/v2\/types\/page"}],"author":[{"embeddable":true,"href":"http:\/\/avmep.ch\/wordpress\/wp-json\/wp\/v2\/users\/1"}],"replies":[{"embeddable":true,"href":"http:\/\/avmep.ch\/wordpress\/wp-json\/wp\/v2\/comments?post=248"}],"version-history":[{"count":2,"href":"http:\/\/avmep.ch\/wordpress\/wp-json\/wp\/v2\/pages\/248\/revisions"}],"predecessor-version":[{"id":3539,"href":"http:\/\/avmep.ch\/wordpress\/wp-json\/wp\/v2\/pages\/248\/revisions\/3539"}],"up":[{"embeddable":true,"href":"http:\/\/avmep.ch\/wordpress\/wp-json\/wp\/v2\/pages\/246"}],"wp:attachment":[{"href":"http:\/\/avmep.ch\/wordpress\/wp-json\/wp\/v2\/media?parent=248"}],"curies":[{"name":"wp","href":"https:\/\/api.w.org\/{rel}","templated":true}]}}