{"id":3619,"date":"2020-03-19T09:12:40","date_gmt":"2020-03-19T09:12:40","guid":{"rendered":"http:\/\/avmep.ch\/?page_id=3619"},"modified":"2020-09-30T05:52:16","modified_gmt":"2020-09-30T05:52:16","slug":"covid-19-partage-didees","status":"publish","type":"page","link":"http:\/\/avmep.ch\/wordpress\/covid-19-partage-didees\/","title":{"rendered":"Covid-19 | id\u00e9es"},"content":{"rendered":"<div id=\"dslc-theme-content\"><div id=\"dslc-theme-content-inner\">\n<p>Voici les documents re\u00e7us. Merci \u00e0 vous! <em>(mise \u00e0 jour mardi 25 mars 2020)<\/em><\/p>\n\n\n\n<p>CO Tuilerie St-Maurice, <a rel=\"noreferrer noopener\" aria-label=\"semaine 1 (opens in a new tab)\" href=\"http:\/\/avmep.ch\/wordpress\/wp-content\/uploads\/2020\/03\/Coronavirus-t\u00e2ches-\u00e9l\u00e8ves-semaine-1.pdf\" target=\"_blank\">semaine 1<\/a>, <a rel=\"noreferrer noopener\" aria-label=\"semaine 2 (opens in a new tab)\" href=\"http:\/\/avmep.ch\/wordpress\/wp-content\/uploads\/2020\/03\/Coronavirus_EPH_Tuilerie_semaine2.pdf\" target=\"_blank\">semaine 2<\/a>, <a rel=\"noreferrer noopener\" href=\"http:\/\/avmep.ch\/wordpress\/wp-content\/uploads\/2020\/04\/Coronavirus_Tuilerie_semaine3.pdf\" target=\"_blank\">semaine 3<\/a>, <a rel=\"noreferrer noopener\" href=\"http:\/\/avmep.ch\/wordpress\/wp-content\/uploads\/2020\/04\/Coronavirus_EPH_semaine4.pdf\" target=\"_blank\">semaine 4<\/a><br>LC Planta Sion, <a rel=\"noreferrer noopener\" aria-label=\"programme sur 6 semaines (opens in a new tab)\" href=\"http:\/\/avmep.ch\/wordpress\/wp-content\/uploads\/2020\/03\/Formes-alternatives.pdf\" target=\"_blank\">programme sur 6 semaines<\/a>, <a rel=\"noreferrer noopener\" aria-label=\"endurance 1 (opens in a new tab)\" href=\"http:\/\/avmep.ch\/wordpress\/wp-content\/uploads\/2020\/03\/endurance_1_20.pdf\" target=\"_blank\">endurance 1<\/a>, <a rel=\"noreferrer noopener\" aria-label=\"vid\u00e9o explicative (opens in a new tab)\" href=\"https:\/\/youtu.be\/rDKVa6bi9Mw\" target=\"_blank\">vid\u00e9o explicative<\/a>, <a rel=\"noreferrer noopener\" href=\"http:\/\/avmep.ch\/wordpress\/wp-content\/uploads\/2020\/04\/Programme-de-d\u00e9tente.pdf\" target=\"_blank\">d\u00e9tente<\/a><br>CO Collombey-Muraz, <a rel=\"noreferrer noopener\" aria-label=\"infos (opens in a new tab)\" href=\"http:\/\/avmep.ch\/wordpress\/wp-content\/uploads\/2020\/03\/eph-info.docx\" target=\"_blank\">infos<\/a> et <a rel=\"noreferrer noopener\" aria-label=\"exercices (opens in a new tab)\" href=\"http:\/\/avmep.ch\/wordpress\/wp-content\/uploads\/2020\/03\/7minutes-document-eleves.docx\" target=\"_blank\">exercices<\/a><br>EP Martigny, <a rel=\"noreferrer noopener\" aria-label=\"mouvement au quotidien (opens in a new tab)\" href=\"http:\/\/avmep.ch\/wordpress\/wp-content\/uploads\/2020\/03\/Quelques-astuces-pour-BOUGER-AU-QUOTIDIEN.pdf\" target=\"_blank\">mouvement au quotidien<\/a><br>HEP-VS animation p\u00e9dagogique, <a rel=\"noreferrer noopener\" aria-label=\"Un champion \u00e0 la maison (opens in a new tab)\" href=\"https:\/\/animation.hepvs.ch\/animation-pedagogique-a-distance\/index.php\" target=\"_blank\">Un champion \u00e0 la maison<\/a> (3 nouvelles id\u00e9es\/semaine)<br>LYCA St-Maurice, <a rel=\"noreferrer noopener\" aria-label=\"jumpstyle dance360 (opens in a new tab)\" href=\"http:\/\/avmep.ch\/wordpress\/wp-content\/uploads\/2020\/03\/Jumpstyle-1-F.docx\" target=\"_blank\">jumpstyle dance360<\/a> et <a rel=\"noreferrer noopener\" aria-label=\"challenges hebdomadaires  (opens in a new tab)\" href=\"http:\/\/www.lyca.ch\" target=\"_blank\">challenges hebdomadaires <\/a><br>EDHL Haut-Lac, <a rel=\"noreferrer noopener\" aria-label=\"vid\u00e9os hebdomadaires (opens in a new tab)\" href=\"https:\/\/youtu.be\/Yv4zt-xi8ZU\" target=\"_blank\">vid\u00e9o 1<\/a> \/ <a rel=\"noreferrer noopener\" aria-label=\"vid\u00e9o 2 (opens in a new tab)\" href=\"https:\/\/www.youtube.com\/watch?v=19Xodn5gBoo&amp;feature=youtu.be\" target=\"_blank\">vid\u00e9o 2<\/a> \/ <a rel=\"noreferrer noopener\" aria-label=\"vid\u00e9o 3 (opens in a new tab)\" href=\"https:\/\/www.youtube.com\/watch?v=NlGUKeoWvAQ&amp;feature=youtu.be\" target=\"_blank\">vid\u00e9o 3<\/a> \/ <a rel=\"noreferrer noopener\" href=\"https:\/\/www.youtube.com\/watch?v=loaxamsee2I&amp;feature=youtu.be\" target=\"_blank\">vid\u00e9o 4<\/a> \/ <a rel=\"noreferrer noopener\" href=\"https:\/\/www.youtube.com\/watch?v=LNrl5ShDAvI&amp;feature=youtu.be\" target=\"_blank\">vid\u00e9o 5<\/a><br>EPASC Martigny, <a rel=\"noreferrer noopener\" aria-label=\"garder la forme (opens in a new tab)\" href=\"http:\/\/avmep.ch\/wordpress\/wp-content\/uploads\/2020\/03\/Garder-la-forme-en-quarantaine.pdf\" target=\"_blank\">garder la forme<\/a> et <a rel=\"noreferrer noopener\" aria-label=\"capsule vid\u00e9o (opens in a new tab)\" href=\"https:\/\/youtu.be\/f2ica7aVTak\" target=\"_blank\">capsule vid\u00e9o<\/a> \/ programmes hebdomadaires <a rel=\"noreferrer noopener\" href=\"http:\/\/avmep.ch\/wordpress\/wp-content\/uploads\/2020\/04\/SPS-plan-semaine-1.pdf\" target=\"_blank\">1<\/a> \/ <a rel=\"noreferrer noopener\" href=\"http:\/\/avmep.ch\/wordpress\/wp-content\/uploads\/2020\/04\/SPS-plan-semaine-2.pdf\" target=\"_blank\">2<\/a> \/ <a rel=\"noreferrer noopener\" href=\"http:\/\/avmep.ch\/wordpress\/wp-content\/uploads\/2020\/04\/SPS-plan-semaine-3.pdf\" target=\"_blank\">3<\/a> \/ <a rel=\"noreferrer noopener\" href=\"http:\/\/avmep.ch\/wordpress\/wp-content\/uploads\/2020\/04\/SPS-plan-semaine-4-1.pdf\" target=\"_blank\">4<\/a><br>EP Sion, catalogue d'activit\u00e9s et programme cycle 2 (5-8H) <a rel=\"noreferrer noopener\" aria-label=\"1 (opens in a new tab)\" href=\"http:\/\/avmep.ch\/wordpress\/wp-content\/uploads\/2020\/03\/Programme-hebdomadaire-5-8H.pdf\" target=\"_blank\">1<\/a> \/ <a rel=\"noreferrer noopener\" aria-label=\"2 (opens in a new tab)\" href=\"http:\/\/avmep.ch\/wordpress\/wp-content\/uploads\/2020\/03\/Catalogue-5-8H-part-1.pdf\" target=\"_blank\">2<\/a> \/ <a rel=\"noreferrer noopener\" aria-label=\"3 (opens in a new tab)\" href=\"http:\/\/avmep.ch\/wordpress\/wp-content\/uploads\/2020\/03\/Catalogue-5-8H-part-2.pdf\" target=\"_blank\">3<\/a><br>EP Sion, catalogue d'activit\u00e9s et programme cycle 1 (1-4H) <a rel=\"noreferrer noopener\" aria-label=\"1 (opens in a new tab)\" href=\"http:\/\/avmep.ch\/wordpress\/wp-content\/uploads\/2020\/03\/catalogue-1-4H.pdf\" target=\"_blank\">1<\/a> \/ <a rel=\"noreferrer noopener\" aria-label=\"2 (opens in a new tab)\" href=\"http:\/\/avmep.ch\/wordpress\/wp-content\/uploads\/2020\/03\/Programme-hebdomadaire-1-4H.pdf\" target=\"_blank\">2<\/a> \/ <a rel=\"noreferrer noopener\" aria-label=\"3 (opens in a new tab)\" href=\"http:\/\/avmep.ch\/wordpress\/wp-content\/uploads\/2020\/03\/Le-d\u00e9fi-du-jour-1-4H.pdf\" target=\"_blank\">3<\/a> \/ <a rel=\"noreferrer noopener\" aria-label=\"4 (opens in a new tab)\" href=\"http:\/\/avmep.ch\/wordpress\/wp-content\/uploads\/2020\/03\/Annexes-1-\u00e0-10-1-4H.pdf\" target=\"_blank\">4<\/a> \/ <a rel=\"noreferrer noopener\" aria-label=\"5 (opens in a new tab)\" href=\"http:\/\/avmep.ch\/wordpress\/wp-content\/uploads\/2020\/03\/Annexes-12-\u00e0-21-1-4H.pdf\" target=\"_blank\">5<\/a><br>EPTM Sion, <a rel=\"noreferrer noopener\" aria-label=\"challenge de la semaine (opens in a new tab)\" href=\"http:\/\/avmep.ch\/wordpress\/wp-content\/uploads\/2020\/03\/Challenge1_SPS.pdf\" target=\"_blank\">challenge de la semaine<\/a> + <a rel=\"noreferrer noopener\" aria-label=\"entra\u00eenement de la semaine (opens in a new tab)\" href=\"http:\/\/avmep.ch\/wordpress\/wp-content\/uploads\/2020\/03\/entra\u00eenement-de-la-semaine-1.pdf\" target=\"_blank\">entra\u00eenement de la semaine<\/a><br>ECCG Martigny, les pros vous d\u00e9fient (<a rel=\"noreferrer noopener\" aria-label=\"sem. 1 (opens in a new tab)\" href=\"http:\/\/avmep.ch\/wordpress\/wp-content\/uploads\/2020\/03\/D\u00e9fis-1.pdf\" target=\"_blank\">sem. 1<\/a> \/ <a rel=\"noreferrer noopener\" href=\"http:\/\/avmep.ch\/wordpress\/wp-content\/uploads\/2020\/04\/D\u00e9fi-2.pdf\" target=\"_blank\">sem. 2<\/a>) + Condition physique <a rel=\"noreferrer noopener\" href=\"http:\/\/avmep.ch\/wordpress\/wp-content\/uploads\/2020\/04\/Condi-1-ECCG-Martigny-20_DM2.pdf\" target=\"_blank\">1<\/a> \/ <a rel=\"noreferrer noopener\" href=\"http:\/\/avmep.ch\/wordpress\/wp-content\/uploads\/2020\/04\/Condi-2_ECCG-Martigny-20_DM.pdf\" target=\"_blank\">2<\/a> + stretching <a rel=\"noreferrer noopener\" href=\"http:\/\/avmep.ch\/wordpress\/wp-content\/uploads\/2020\/04\/Condi-3-Stretching-muscu-.pdf\" target=\"_blank\">1<\/a> \/ <a rel=\"noreferrer noopener\" href=\"http:\/\/avmep.ch\/wordpress\/wp-content\/uploads\/2020\/04\/Condi-4-Stretching-bureau.pdf\" target=\"_blank\">2<\/a><br>CO Goubing Sierre, <a rel=\"noreferrer noopener\" aria-label=\"programme sur 3 semaines (opens in a new tab)\" href=\"http:\/\/avmep.ch\/wordpress\/wp-content\/uploads\/2020\/03\/SPORT-CO-Goubing-3-semaines.pdf\" target=\"_blank\">programme sur 3 semaines<\/a><br>AFEPS <a rel=\"noreferrer noopener\" href=\"https:\/\/www.afeps.ch\" target=\"_blank\">enseignement \u00e0 distance<\/a><br>Ressources <a rel=\"noreferrer noopener\" href=\"http:\/\/ressources-eps-vd.ch\/\" target=\"_blank\">EPS VD<\/a><br>EP Monthey, <a rel=\"noreferrer noopener\" href=\"https:\/\/epmonthey.ch\/index.php\/fr\/ecole-a-la-maison\/idees-pour-bouger\" target=\"_blank\">id\u00e9es pour bouger<\/a><br>EP Sierre, <a href=\"https:\/\/eps-sierre.jimdofree.com\/\" target=\"_blank\" rel=\"noreferrer noopener\">site web<\/a><\/p>\n\n\n\n<hr class=\"wp-block-separator\"\/>\n\n\n\n<p>Merci de transmettre toutes vos id\u00e9es, bons plans pour garder nos \u00e9l\u00e8ves, nos coll\u00e8gues et nous-m\u00eames bien actifs.<\/p>\n\n\n<p>[contact-form-7 id=\"3618\" title=\"Covid-19 | partage d'id\u00e9es\"]<\/p>\n<\/div><\/div>","protected":false},"excerpt":{"rendered":"<p>Voici les documents re\u00e7us. Merci \u00e0 vous! (mise \u00e0 jour mardi 25 mars 2020) CO Tuilerie St-Maurice, semaine 1, semaine 2, semaine 3, semaine 4LC Planta Sion, programme sur 6 [&hellip;]<\/p>\n","protected":false},"author":1,"featured_media":176,"parent":0,"menu_order":0,"comment_status":"closed","ping_status":"closed","template":"","meta":{"footnotes":""},"class_list":["post-3619","page","type-page","status-publish","has-post-thumbnail","hentry","clearfix"],"_links":{"self":[{"href":"http:\/\/avmep.ch\/wordpress\/wp-json\/wp\/v2\/pages\/3619","targetHints":{"allow":["GET"]}}],"collection":[{"href":"http:\/\/avmep.ch\/wordpress\/wp-json\/wp\/v2\/pages"}],"about":[{"href":"http:\/\/avmep.ch\/wordpress\/wp-json\/wp\/v2\/types\/page"}],"author":[{"embeddable":true,"href":"http:\/\/avmep.ch\/wordpress\/wp-json\/wp\/v2\/users\/1"}],"replies":[{"embeddable":true,"href":"http:\/\/avmep.ch\/wordpress\/wp-json\/wp\/v2\/comments?post=3619"}],"version-history":[{"count":40,"href":"http:\/\/avmep.ch\/wordpress\/wp-json\/wp\/v2\/pages\/3619\/revisions"}],"predecessor-version":[{"id":3750,"href":"http:\/\/avmep.ch\/wordpress\/wp-json\/wp\/v2\/pages\/3619\/revisions\/3750"}],"wp:featuredmedia":[{"embeddable":true,"href":"http:\/\/avmep.ch\/wordpress\/wp-json\/wp\/v2\/media\/176"}],"wp:attachment":[{"href":"http:\/\/avmep.ch\/wordpress\/wp-json\/wp\/v2\/media?parent=3619"}],"curies":[{"name":"wp","href":"https:\/\/api.w.org\/{rel}","templated":true}]}}