{"id":71,"date":"2014-11-06T11:45:44","date_gmt":"2014-11-06T11:45:44","guid":{"rendered":"http:\/\/avmep.ch\/wordpress\/?page_id=71"},"modified":"2014-11-06T11:45:44","modified_gmt":"2014-11-06T11:45:44","slug":"sites-pedagogiques","status":"publish","type":"page","link":"http:\/\/avmep.ch\/wordpress\/documents\/sites-pedagogiques\/","title":{"rendered":"sites p\u00e9dagogiques"},"content":{"rendered":"<div id=\"dslc-theme-content\"><div id=\"dslc-theme-content-inner\"><ul>\n<li><a href=\"http:\/\/www.activdispens.ch\" target=\"_blank\">activdispens<\/a> (exercices pour dispens\u00e9s)<\/li>\n<li><a href=\"http:\/\/www.qeps.ch\" target=\"_blank\">qeps<\/a><\/li>\n<li><a href=\"http:\/\/christophetacchini.com\/\" target=\"_blank\">parkour | coordination<\/a><\/li>\n<li><a href=\"http:\/\/www.fsg-veveyancienne.ch\" target=\"_blank\">fsg veveyancienne<\/a><\/li>\n<li><a href=\"http:\/\/www.schooltrip.ch\/index.php?article_id=59&amp;clang=1\" target=\"_blank\">courses d'\u00e9cole<\/a><\/li>\n<li><a href=\"http:\/\/www.schweizmobil.ch\/fr\/welcome.cfm\" target=\"_blank\">itin\u00e9raires \u00e0 pied, vtt, roller<\/a><\/li>\n<li><a href=\"http:\/\/www.ppur.info\/enseigner-le-sport.html\" target=\"_blank\">une approche nouvelle de la p\u00e9dagogie sportive par P. Pfefferl\u00e9 et I. Liardet<\/a><\/li>\n<li><a href=\"http:\/\/www.tablettesetsurvetements.fr\/\">www.tablettesetsurvetements.fr<\/a><\/li>\n<li><a href=\"http:\/\/www.bfu.ch\/fr\/pour-les-sp\u00e9cialistes\/ecoles\/s\u00e9curit\u00e9-\u00e9cole\/\">campagne de s\u00e9curit\u00e9 \u00e0 l'\u00e9cole BPA<\/a><\/li>\n<\/ul>\n<\/div><\/div>","protected":false},"excerpt":{"rendered":"<p>activdispens (exercices pour dispens\u00e9s) qeps parkour | coordination fsg veveyancienne courses d'\u00e9cole itin\u00e9raires \u00e0 pied, vtt, roller une approche nouvelle de la p\u00e9dagogie sportive par P. Pfefferl\u00e9 et I. Liardet [&hellip;]<\/p>\n","protected":false},"author":1,"featured_media":0,"parent":2894,"menu_order":0,"comment_status":"closed","ping_status":"closed","template":"page_fullwidth.php","meta":{"footnotes":""},"class_list":["post-71","page","type-page","status-publish","hentry","clearfix"],"_links":{"self":[{"href":"http:\/\/avmep.ch\/wordpress\/wp-json\/wp\/v2\/pages\/71","targetHints":{"allow":["GET"]}}],"collection":[{"href":"http:\/\/avmep.ch\/wordpress\/wp-json\/wp\/v2\/pages"}],"about":[{"href":"http:\/\/avmep.ch\/wordpress\/wp-json\/wp\/v2\/types\/page"}],"author":[{"embeddable":true,"href":"http:\/\/avmep.ch\/wordpress\/wp-json\/wp\/v2\/users\/1"}],"replies":[{"embeddable":true,"href":"http:\/\/avmep.ch\/wordpress\/wp-json\/wp\/v2\/comments?post=71"}],"version-history":[{"count":0,"href":"http:\/\/avmep.ch\/wordpress\/wp-json\/wp\/v2\/pages\/71\/revisions"}],"up":[{"embeddable":true,"href":"http:\/\/avmep.ch\/wordpress\/wp-json\/wp\/v2\/pages\/2894"}],"wp:attachment":[{"href":"http:\/\/avmep.ch\/wordpress\/wp-json\/wp\/v2\/media?parent=71"}],"curies":[{"name":"wp","href":"https:\/\/api.w.org\/{rel}","templated":true}]}}