{"id":90,"date":"2014-11-06T12:29:43","date_gmt":"2014-11-06T12:29:43","guid":{"rendered":"http:\/\/avmep.ch\/wordpress\/?page_id=90"},"modified":"2014-11-06T12:29:43","modified_gmt":"2014-11-06T12:29:43","slug":"certificat-medical","status":"publish","type":"page","link":"http:\/\/avmep.ch\/wordpress\/documents\/certificat-medical\/","title":{"rendered":"certificat m\u00e9dical"},"content":{"rendered":"<div id=\"dslc-theme-content\"><div id=\"dslc-theme-content-inner\"><p>dispense m\u00e9dicale fran\u00e7ais | <a href=\"..\/documents\/dispenses\/dispense_2p_fr.pdf\" target=\"_blank\" rel=\"noopener\">pdf<\/a><\/p>\n<p>dispense m\u00e9dicale allemand | <a href=\"..\/documents\/dispenses\/dispense_2p_de.pdf\" target=\"_blank\" rel=\"noopener\">pdf<\/a><\/p>\n<p class=\"gris\"><strong>Certificat m\u00e9dical (CM)<\/strong><\/p>\n<p>La nouvelle dispense m\u00e9dicale est op\u00e9rationnelle !<\/p>\n<p>Apr\u00e8s un peu plus d\u2019un an de travail et de n\u00e9gociations, ce document a \u00e9t\u00e9 approuv\u00e9 par la Soci\u00e9t\u00e9 M\u00e9dicale du Valais (SMV). Tous les m\u00e9decins valaisans sont sens\u00e9s conna\u00eetre l\u2019existence de ce nouveau certificat et l\u2019ont \u00e0 disposition sur leur site.<\/p>\n<p>Le Pr\u00e9sident de la SMV a \u00e9t\u00e9 enthousiasm\u00e9 par notre initiative. Il nous encourage \u00e0 utiliser ce document :<\/p>\n<ul>\n<li>soit en transmettant un CM vierge \u00e0 l\u2019\u00e9l\u00e8ve qui ira le remplir chez son m\u00e9decin<\/li>\n<li>soit en demandant \u00e0 ce dernier de le t\u00e9l\u00e9charger.<\/li>\n<\/ul>\n<p>Le DECS a \u00e9galement \u00e9t\u00e9 consult\u00e9 et nous soutient dans cette d\u00e9marche. En revanche aucune information n\u2019a pour l\u2019instant \u00e9t\u00e9 donn\u00e9e aux directions. Dans les \u00e9tablissements o\u00f9 ce CM sera utilis\u00e9, il serait biens\u00e9ant que le chef de branche le fasse.<\/p>\n<p>N\u2019ayez donc aucune r\u00e9ticence \u00e0 utiliser ce nouveau document !<\/p>\n<p>Le comit\u00e9 de l\u2019AVMEP ainsi que le groupe de travail qui a \u00e9labor\u00e9 ce CM n\u2019a cependant pas l\u2019intention d\u2019en imposer une utilisation syst\u00e9matique. Nous consid\u00e9rons ce document comme un nouvel outil \u00e0 disposition des enseignants, pour contrecarrer les dispenses de complaisance et\/ou \u00e9viter que les \u00e9l\u00e8ves au b\u00e9n\u00e9fice d\u2019un CM de longue dur\u00e9e ne soient que simplement exempt\u00e9s de cours d\u2019\u00e9ducation physique.<\/p>\n<p>Ce CM (<a href=\"..\/documents\/dispmedic-vs-f.pdf\" target=\"_blank\" rel=\"noopener\">fr<\/a>\/<a href=\"..\/documents\/dispmedic-vs-d.pdf\" target=\"_blank\" rel=\"noopener\">de<\/a>) est t\u00e9l\u00e9chargeable sur notre site. Il sera \u00e9galement disponible lors du prochain cours de perfectionnement de mai et, sur demande, par courrier.<\/p>\n<p>Pour terminer, le comit\u00e9 tient \u00e0 remercier chaleureusement Karin Hauser et son \u00e9quipe (Val\u00e9rie Gobelet, B\u00e9nita Truffer et Johann Delasoie) pour l\u2019excellent travail accompli.<\/p>\n<p>A votre disposition pour toute autre question ou remarque !<\/p>\n<p>AVMEP, mars 2012<\/p>\n<p>Pour le comit\u00e9, C\u00e9dric Fauch\u00e8re<\/p>\n<p>&nbsp;<\/p>\n<\/div><\/div>","protected":false},"excerpt":{"rendered":"<p>dispense m\u00e9dicale fran\u00e7ais | pdf dispense m\u00e9dicale allemand | pdf Certificat m\u00e9dical (CM) La nouvelle dispense m\u00e9dicale est op\u00e9rationnelle ! Apr\u00e8s un peu plus d\u2019un an de travail et de [&hellip;]<\/p>\n","protected":false},"author":1,"featured_media":0,"parent":2894,"menu_order":0,"comment_status":"closed","ping_status":"closed","template":"page_fullwidth.php","meta":{"footnotes":""},"class_list":["post-90","page","type-page","status-publish","hentry","clearfix"],"_links":{"self":[{"href":"http:\/\/avmep.ch\/wordpress\/wp-json\/wp\/v2\/pages\/90","targetHints":{"allow":["GET"]}}],"collection":[{"href":"http:\/\/avmep.ch\/wordpress\/wp-json\/wp\/v2\/pages"}],"about":[{"href":"http:\/\/avmep.ch\/wordpress\/wp-json\/wp\/v2\/types\/page"}],"author":[{"embeddable":true,"href":"http:\/\/avmep.ch\/wordpress\/wp-json\/wp\/v2\/users\/1"}],"replies":[{"embeddable":true,"href":"http:\/\/avmep.ch\/wordpress\/wp-json\/wp\/v2\/comments?post=90"}],"version-history":[{"count":0,"href":"http:\/\/avmep.ch\/wordpress\/wp-json\/wp\/v2\/pages\/90\/revisions"}],"up":[{"embeddable":true,"href":"http:\/\/avmep.ch\/wordpress\/wp-json\/wp\/v2\/pages\/2894"}],"wp:attachment":[{"href":"http:\/\/avmep.ch\/wordpress\/wp-json\/wp\/v2\/media?parent=90"}],"curies":[{"name":"wp","href":"https:\/\/api.w.org\/{rel}","templated":true}]}}