{"id":263,"date":"2017-11-18T19:00:14","date_gmt":"2017-11-18T19:00:14","guid":{"rendered":"http:\/\/avmep.ch\/wordpress\/?page_id=263"},"modified":"2026-03-02T21:07:36","modified_gmt":"2026-03-02T19:07:36","slug":"cotisations","status":"publish","type":"page","link":"https:\/\/avmep.ch\/wordpress\/cotisations\/","title":{"rendered":"cotisations"},"content":{"rendered":"<div id=\"dslc-theme-content\"><div id=\"dslc-theme-content-inner\"><h4><strong>Coordonn\u00e9es bancaires<\/strong><\/h4>\n<p>Banque Cantonale du Valais<br \/>1950 Sion<br \/>IBAN: CH71 0076 5000 A086 1649 6<\/p>\n<h4><strong>Adresse<\/strong><\/h4>\n<p>AVMEP<br \/>Rue Prolong 10<br \/>1926 Fully<\/p>\n<h4>Tarifs<\/h4>\n<ul>\n<li>membres actifs CHF 100.- (inclus participation \u00e0 l\u2019ASEP)<\/li>\n<li>\u00e9tudiants CHF 50.-<\/li>\n<li>membres passifs et associ\u00e9s CHF 30.-.<\/li>\n<\/ul>\n<p>Merci \u00e9galement d\u2019utiliser l\u2019ordre permanent (un ordre pour un paiement annuel au 20 f\u00e9vrier de chaque ann\u00e9e) pour le paiement de la cotisation. Le syst\u00e8me est tr\u00e8s simple (5 minutes de d\u00e9marche sur votre e-banking) et \u00e9vitera des frais administratifs et des soucis au nouveau caissier\u2026<\/p>\n<p>L\u2019envoi du paiement de la cotisation se fera en janvier.<\/p>\n<ol>\n<li>1er rappel en avril<\/li>\n<li>2\u00e8me rappel en juin<\/li>\n<li>courrier du 3\u00e8me rappel et de la radiation en septembre<\/li>\n<\/ol>\n\n\n<p><\/p>\n<\/div><\/div>","protected":false},"excerpt":{"rendered":"<p>Coordonn\u00e9es bancaires Banque Cantonale du Valais1950 SionIBAN: CH71 0076 5000 A086 1649 6 Adresse AVMEPRue Prolong 101926 Fully Tarifs membres actifs CHF 100.- (inclus participation \u00e0 l\u2019ASEP) \u00e9tudiants CHF 50.- [&hellip;]<\/p>\n","protected":false},"author":1,"featured_media":0,"parent":0,"menu_order":0,"comment_status":"closed","ping_status":"closed","template":"page-templates\/page_fullwidth.php","meta":{"footnotes":""},"class_list":["post-263","page","type-page","status-publish","hentry","clearfix"],"_links":{"self":[{"href":"https:\/\/avmep.ch\/wordpress\/wp-json\/wp\/v2\/pages\/263","targetHints":{"allow":["GET"]}}],"collection":[{"href":"https:\/\/avmep.ch\/wordpress\/wp-json\/wp\/v2\/pages"}],"about":[{"href":"https:\/\/avmep.ch\/wordpress\/wp-json\/wp\/v2\/types\/page"}],"author":[{"embeddable":true,"href":"https:\/\/avmep.ch\/wordpress\/wp-json\/wp\/v2\/users\/1"}],"replies":[{"embeddable":true,"href":"https:\/\/avmep.ch\/wordpress\/wp-json\/wp\/v2\/comments?post=263"}],"version-history":[{"count":4,"href":"https:\/\/avmep.ch\/wordpress\/wp-json\/wp\/v2\/pages\/263\/revisions"}],"predecessor-version":[{"id":7352,"href":"https:\/\/avmep.ch\/wordpress\/wp-json\/wp\/v2\/pages\/263\/revisions\/7352"}],"wp:attachment":[{"href":"https:\/\/avmep.ch\/wordpress\/wp-json\/wp\/v2\/media?parent=263"}],"curies":[{"name":"wp","href":"https:\/\/api.w.org\/{rel}","templated":true}]}}