{"id":2980,"date":"2019-01-04T16:50:37","date_gmt":"2019-01-04T16:50:37","guid":{"rendered":"http:\/\/avmep.ch\/wordpress\/?page_id=2980"},"modified":"2021-05-26T07:21:46","modified_gmt":"2021-05-26T05:21:46","slug":"missions-de-lassociation","status":"publish","type":"page","link":"https:\/\/avmep.ch\/wordpress\/missions-de-lassociation\/","title":{"rendered":"missions de l'association"},"content":{"rendered":"<div id=\"dslc-theme-content\"><div id=\"dslc-theme-content-inner\">\n<p>L'association valaisanne des ma\u00eetres d'\u00e9ducation physique (AVMEP) regroupe les enseignants des niveaux primaire, secondaire 1 et secondaire 2, de m\u00eame que des g\u00e9n\u00e9ralistes int\u00e9ress\u00e9s par l'\u00e9ducation physique \u00e0 l'\u00e9cole.<\/p>\n\n\n\n<p>Elle compte environ 170 membres et est rattach\u00e9e \u00e0 l'ASEP, association suisse d'\u00e9ducation physique \u00e0 l'\u00e9cole qui rassemble 4500 membres.<\/p>\n\n\n\n<p>Ses principaux objectifs sont les suivants:<\/p>\n\n\n\n<ul class=\"wp-block-list\"><li>Promouvoir une \u00e9ducation physique de qualit\u00e9 \u00e0 l'\u00e9cole, aux niveaux primaire, secondaire 1 et 2, ainsi que dans les \u00e9coles professionnelles<\/li><li>Contribuer \u00e0 am\u00e9liorer la sant\u00e9 globale des \u00e9coliers et des \u00e9tudiants<\/li><li>Organiser la formation continue de ses membres<\/li><li>Proposer une plate-forme de comp\u00e9tences et d'\u00e9changes au niveau de l'\u00e9ducation physique<\/li><li>Collaborer avec ses partenaires (DFS, Associations p\u00e9dagogiques, J+S) et conseiller les autorit\u00e9s comp\u00e9tentes sur les questions li\u00e9es \u00e0 l'activit\u00e9 physique et \u00e0 la sant\u00e9<\/li><\/ul>\n\n\n\n<hr class=\"wp-block-separator\"\/>\n\n\n\n<div class=\"wp-block-image\"><figure class=\"aligncenter is-resized\"><img loading=\"lazy\" decoding=\"async\" src=\"http:\/\/avmep.ch\/wordpress\/wp-content\/uploads\/2017\/11\/logo_propre-1024x1024.png\" alt=\"\" class=\"wp-image-306\" width=\"243\" height=\"243\" srcset=\"https:\/\/avmep.ch\/wordpress\/wp-content\/uploads\/2017\/11\/logo_propre-1024x1024.png 1024w, https:\/\/avmep.ch\/wordpress\/wp-content\/uploads\/2017\/11\/logo_propre-150x150.png 150w, https:\/\/avmep.ch\/wordpress\/wp-content\/uploads\/2017\/11\/logo_propre-300x300.png 300w, https:\/\/avmep.ch\/wordpress\/wp-content\/uploads\/2017\/11\/logo_propre-768x767.png 768w, https:\/\/avmep.ch\/wordpress\/wp-content\/uploads\/2017\/11\/logo_propre-660x660.png 660w, https:\/\/avmep.ch\/wordpress\/wp-content\/uploads\/2017\/11\/logo_propre-450x450.png 450w, https:\/\/avmep.ch\/wordpress\/wp-content\/uploads\/2017\/11\/logo_propre.png 1475w\" sizes=\"auto, (max-width: 243px) 100vw, 243px\" \/><figcaption>logo avmep 2019<\/figcaption><\/figure><\/div>\n<\/div><\/div>","protected":false},"excerpt":{"rendered":"<p>L'association valaisanne des ma\u00eetres d'\u00e9ducation physique (AVMEP) regroupe les enseignants des niveaux primaire, secondaire 1 et secondaire 2, de m\u00eame que des g\u00e9n\u00e9ralistes int\u00e9ress\u00e9s par l'\u00e9ducation physique \u00e0 l'\u00e9cole. Elle [&hellip;]<\/p>\n","protected":false},"author":1,"featured_media":0,"parent":0,"menu_order":0,"comment_status":"closed","ping_status":"closed","template":"page-templates\/page_fullwidth.php","meta":{"footnotes":""},"class_list":["post-2980","page","type-page","status-publish","hentry","clearfix"],"_links":{"self":[{"href":"https:\/\/avmep.ch\/wordpress\/wp-json\/wp\/v2\/pages\/2980","targetHints":{"allow":["GET"]}}],"collection":[{"href":"https:\/\/avmep.ch\/wordpress\/wp-json\/wp\/v2\/pages"}],"about":[{"href":"https:\/\/avmep.ch\/wordpress\/wp-json\/wp\/v2\/types\/page"}],"author":[{"embeddable":true,"href":"https:\/\/avmep.ch\/wordpress\/wp-json\/wp\/v2\/users\/1"}],"replies":[{"embeddable":true,"href":"https:\/\/avmep.ch\/wordpress\/wp-json\/wp\/v2\/comments?post=2980"}],"version-history":[{"count":4,"href":"https:\/\/avmep.ch\/wordpress\/wp-json\/wp\/v2\/pages\/2980\/revisions"}],"predecessor-version":[{"id":3903,"href":"https:\/\/avmep.ch\/wordpress\/wp-json\/wp\/v2\/pages\/2980\/revisions\/3903"}],"wp:attachment":[{"href":"https:\/\/avmep.ch\/wordpress\/wp-json\/wp\/v2\/media?parent=2980"}],"curies":[{"name":"wp","href":"https:\/\/api.w.org\/{rel}","templated":true}]}}